{"id":396,"date":"2026-02-02T19:41:42","date_gmt":"2026-02-02T22:41:42","guid":{"rendered":"https:\/\/thortrajano.com.br\/?page_id=396"},"modified":"2026-05-05T10:10:35","modified_gmt":"2026-05-05T13:10:35","slug":"edicao-atual","status":"publish","type":"page","link":"https:\/\/thortrajano.com.br\/","title":{"rendered":"Edi\u00e7\u00e3o atual"},"content":{"rendered":"\n<p class=\"has-text-align-center\">THORZINHO &#8211; REVISTA LITER\u00c1RIA &#8211; ISSN 3086-3961<\/p>\n\n\n<div class=\"wp-block-image\">\n<figure class=\"aligncenter size-large is-resized\"><img decoding=\"async\" src=\"https:\/\/thortrajano.com.br\/wp-content\/uploads\/2026\/05\/capathorzinho03052026-726x1024.jpg\" alt=\"\" class=\"wp-image-431\" style=\"aspect-ratio:0.7090000724060531;width:385px;height:auto\"\/><\/figure>\n<\/div>\n\n\n<p class=\"has-text-align-center\">VOLUME I &#8211; EDI\u00c7\u00c3O N\u00daMERO 04 &#8211; 03 DE MAIO DE 2026<\/p>\n\n\n\n<p class=\"has-text-align-center\">Clique abaixo para baixar a edi\u00e7\u00e3o<\/p>\n\n\n\n<p class=\"has-text-align-center\"><a href=\"https:\/\/thortrajano.com.br\/wp-content\/uploads\/2026\/05\/Volume-I-Num.-04-03-de-maio-de-20262.pdf\">Volume I &#8211; N\u00fam. 04 &#8211; 03 de maio de 2026<\/a><\/p>\n\n\n\n<p class=\"has-text-align-center\">CHAMADA ABERTA PARA A PR\u00d3XIMA EDI\u00c7\u00c3O AT\u00c9<\/p>\n\n\n\n<p class=\"has-text-align-center\">05 DE JUNHO DE 2026<\/p>\n\n\n\n<p class=\"has-text-align-center\">PARTICIPE! D\u00ca VOZ A QUEM PRECISA DE AMOR!<\/p>\n","protected":false},"excerpt":{"rendered":"<p>THORZINHO &#8211; REVISTA LITER\u00c1RIA &#8211; ISSN 3086-3961 VOLUME I &#8211; EDI\u00c7\u00c3O N\u00daMERO 04 &#8211; 03 DE MAIO DE 2026 Clique abaixo para baixar a edi\u00e7\u00e3o Volume I &#8211; N\u00fam. 04 &#8211; 03 de maio de 2026 CHAMADA ABERTA PARA A [&hellip;]<\/p>\n","protected":false},"author":1,"featured_media":0,"parent":0,"menu_order":0,"comment_status":"closed","ping_status":"closed","template":"","meta":{"footnotes":""},"class_list":["post-396","page","type-page","status-publish","hentry"],"_links":{"self":[{"href":"https:\/\/thortrajano.com.br\/index.php?rest_route=\/wp\/v2\/pages\/396","targetHints":{"allow":["GET"]}}],"collection":[{"href":"https:\/\/thortrajano.com.br\/index.php?rest_route=\/wp\/v2\/pages"}],"about":[{"href":"https:\/\/thortrajano.com.br\/index.php?rest_route=\/wp\/v2\/types\/page"}],"author":[{"embeddable":true,"href":"https:\/\/thortrajano.com.br\/index.php?rest_route=\/wp\/v2\/users\/1"}],"replies":[{"embeddable":true,"href":"https:\/\/thortrajano.com.br\/index.php?rest_route=%2Fwp%2Fv2%2Fcomments&post=396"}],"version-history":[{"count":8,"href":"https:\/\/thortrajano.com.br\/index.php?rest_route=\/wp\/v2\/pages\/396\/revisions"}],"predecessor-version":[{"id":437,"href":"https:\/\/thortrajano.com.br\/index.php?rest_route=\/wp\/v2\/pages\/396\/revisions\/437"}],"wp:attachment":[{"href":"https:\/\/thortrajano.com.br\/index.php?rest_route=%2Fwp%2Fv2%2Fmedia&parent=396"}],"curies":[{"name":"wp","href":"https:\/\/api.w.org\/{rel}","templated":true}]}}